{"id":14986,"date":"2021-03-18T15:39:24","date_gmt":"2021-03-18T14:39:24","guid":{"rendered":"https:\/\/www.havetshus.se\/akvariet\/conservation\/hajslapp\/"},"modified":"2026-04-22T16:20:39","modified_gmt":"2026-04-22T14:20:39","slug":"hajslapp","status":"publish","type":"page","link":"https:\/\/www.havetshus.se\/en\/akvariet\/conservation\/hajslapp\/","title":{"rendered":"Shark release 2026"},"content":{"rendered":"\n<p>On Tuesday, June 23, 2026, at 2 PM, Havets Hus will release their home-bred small-spotted red sharks and thornback rays at the Havets Hus pier.<\/p>\n\n\n\n<p>(Read more about the shark conservation project below, and about the thornback ray here: <a href=\"https:\/\/www.havetshus.se\/en\/project-thornback-ray\/\">Project Thornback Ray &#8211; Havets Hus i Lysekil<\/a>)<\/p>\n\n\n\n<p><\/p>\n\n\n\n<figure class=\"wp-block-image size-full\"><img loading=\"lazy\" decoding=\"async\" width=\"661\" height=\"441\" src=\"https:\/\/www.havetshus.se\/wp-content\/uploads\/Helen_med_haj_i_lada_Elias_Neuman.webb_.jpg\" alt=\"Bild p\u00e5 en dykare och en haj som ska sl\u00e4ppas ut\" class=\"wp-image-12198\" srcset=\"https:\/\/www.havetshus.se\/wp-content\/uploads\/Helen_med_haj_i_lada_Elias_Neuman.webb_.jpg 661w, https:\/\/www.havetshus.se\/wp-content\/uploads\/Helen_med_haj_i_lada_Elias_Neuman.webb_-300x200.jpg 300w\" sizes=\"auto, (max-width: 661px) 100vw, 661px\" \/><\/figure>\n\n\n\n<p>Shark release is a part of the work of Havets Hus to conserve life in the ocean, which is also done by disseminating information on different species and their importance, biological diversity and about threats to the marine environment.<\/p>\n\n\n\n<p>Read more about the <a href=\"https:\/\/www.havetshus.se\/en\/akvariet\/conservation\/\">conservation project here.<\/a><\/p>\n\n\n\n<p>On this page you can track the sharks\u2019 journey from egg to release into the sea.<\/p>\n\n\n\n<p>Below there is a film of an earlier ray and shark release.<\/p>\n\n\n\n<p>It begins with 55 minutes of the ocean then the release begins.<iframe loading=\"lazy\" width=\"560\" height=\"315\" src=\"https:\/\/www.youtube.com\/embed\/6yjshX-W0ew\" title=\"YouTube video player\" frameborder=\"0\" allow=\"accelerometer; autoplay; clipboard-write; encrypted-media; gyroscope; picture-in-picture\" allowfullscreen=\"\"><\/iframe><\/p>\n\n\n\n<h2 class=\"wp-block-heading\">Located sharks<\/h2>\n\n\n\n<p>We have released circa 200 sharks since 2003, some have been recovered, here you can see which and where we found them:<\/p>\n\n\n\n<iframe loading=\"lazy\" src=\"https:\/\/www.google.com\/maps\/d\/embed?mid=16jp2aLa6FqW5S1PO-X9iIMliSoZFYiBd&amp;ehbc=2E312F\" width=\"640\" height=\"480\"><\/iframe>\n\n\n\n<h2 class=\"wp-block-heading\">Shark mating<\/h2>\n\n\n\n<p>Sharks have internal fertilisation, and mating can get quite wild. It begins with the male swimming up to the female and biting her. He then pulls her down to the bottom where he wraps himself around her. Sharks have two penises, and he fertilises her with one of them. Mating takes from fifteen minutes to an hour. Generally, it takes place in the afternoon or evening, at least in the large aquarium within Havets Hus.<\/p>\n\n\n\n<h2 class=\"wp-block-heading\">Shark eggs<\/h2>\n\n\n\n<p>The shark embryo grows in an egg capsule which hangs in long curly threads on, for example, seaweed or ropes in the sea. It takes up to nine months for the shark to develop and during this time it gets nutrition from the yolk sac in the egg. The small spotted red shark lays quite a lot of eggs and survival in captivity is good.<\/p>\n\n\n\n<p>This is what a shark egg looks like:<\/p>\n\n\n\n<figure class=\"wp-block-image size-large\"><img loading=\"lazy\" decoding=\"async\" width=\"1024\" height=\"680\" src=\"https:\/\/www.havetshus.se\/wp-content\/uploads\/\/Hajagg-bulben-1024x680.jpg\" alt=\"\" class=\"wp-image-10007\" srcset=\"https:\/\/www.havetshus.se\/wp-content\/uploads\/Hajagg-bulben-1024x680.jpg 1024w, https:\/\/www.havetshus.se\/wp-content\/uploads\/Hajagg-bulben-300x199.jpg 300w, https:\/\/www.havetshus.se\/wp-content\/uploads\/Hajagg-bulben-768x510.jpg 768w, https:\/\/www.havetshus.se\/wp-content\/uploads\/Hajagg-bulben-1536x1020.jpg 1536w, https:\/\/www.havetshus.se\/wp-content\/uploads\/Hajagg-bulben.jpg 2048w\" sizes=\"auto, (max-width: 1024px) 100vw, 1024px\" \/><\/figure>\n\n\n\n<h2 class=\"wp-block-heading\">Baby sharks<\/h2>\n\n\n\n<p>When the yolk sac is empty the young unfold and swim out of the capsule. The newly born young are light in colour as the distinctive spotting develops later. The young grow at approximately ten centimetres a year, dependant on the temperature of the water. To begin with the young get finely chopped shelled prawns to eat. When they are a little bigger, they get prawns, mussels, fish and bits of octopus. For most of the time the sharks lie on the bottom and swim only occasionally. But when they get food they are suddenly very active!<\/p>\n\n\n\n<p><\/p>\n\n\n\n<figure class=\"wp-block-image size-full is-resized\"><img loading=\"lazy\" decoding=\"async\" width=\"283\" height=\"189\" src=\"https:\/\/www.havetshus.se\/wp-content\/uploads\/RJ-\u00a9-HH-Smafl-rodhaj-grupp-1-1.gif\" alt=\"Bild p\u00e5 ungar av sm\u00e5fl\u00e4ckig r\u00f6dhaj\" class=\"wp-image-13679\" style=\"width:840px;height:auto\"\/><\/figure>\n\n\n\n<p><em>Small spotted red shark\u2019s young<\/em><\/p>\n\n\n\n<h2 class=\"wp-block-heading\">Sharks about to be released<\/h2>\n\n\n\n<p>Sharks that are born inside Havets Hus are mostly released into the sea. Before that the sharks are weighed and measured. They are also tagged with a number on a piece of green plastic. If later someone happens to catch one of our sharks, they can read the number on the plastic tag and report back to us. Then the shark must be returned to the sea again as they are protected and catching them in Sweden is forbidden. Thanks to the tagging we know that our sharks swim along both the Swedish and Norwegian coasts and can live to at least 14 years of age.<\/p>\n\n\n\n<figure class=\"wp-block-image\"><a href=\"https:\/\/www.havetshus.se\/en\/akvariet\/bevarande\/img_20170615_153050\/\"><img loading=\"lazy\" decoding=\"async\" width=\"225\" height=\"300\" src=\"https:\/\/www.havetshus.se\/wp-content\/uploads\/\/IMG_20170615_153050-225x300.jpg\" alt=\"\" class=\"wp-image-6264\" srcset=\"https:\/\/www.havetshus.se\/wp-content\/uploads\/IMG_20170615_153050-225x300.jpg 225w, https:\/\/www.havetshus.se\/wp-content\/uploads\/IMG_20170615_153050-768x1024.jpg 768w\" sizes=\"auto, (max-width: 225px) 100vw, 225px\" \/><\/a><\/figure>\n\n\n\n<p><em>Measuring a small spotted red shark.<\/em><\/p>\n\n\n\n<figure class=\"wp-block-image\"><a href=\"https:\/\/www.havetshus.se\/en\/akvariet\/bevarande\/img_20170615_154333\/\"><img loading=\"lazy\" decoding=\"async\" width=\"1024\" height=\"768\" src=\"https:\/\/www.havetshus.se\/wp-content\/uploads\/\/IMG_20170615_154333-1024x768.jpg\" alt=\"\" class=\"wp-image-6265\" srcset=\"https:\/\/www.havetshus.se\/wp-content\/uploads\/IMG_20170615_154333-1024x768.jpg 1024w, https:\/\/www.havetshus.se\/wp-content\/uploads\/IMG_20170615_154333-300x225.jpg 300w, https:\/\/www.havetshus.se\/wp-content\/uploads\/IMG_20170615_154333-768x576.jpg 768w\" sizes=\"auto, (max-width: 1024px) 100vw, 1024px\" \/><\/a><\/figure>\n\n\n\n<p><em>Newly tagged small spotted red shark.<\/em><\/p>\n\n\n\n<h2 class=\"wp-block-heading\">What can we do to improve the shark&#8217;s situation?<\/h2>\n\n\n<p>\n\n\n<\/p>\n<p>&#8211; Do not eat shark! Shark fins are considered a delicacy in many places in the world and are even served in Sweden. They are often offered under a name other than shark and so one must be aware.<\/p>\n<p>&#8211; When you eat normal fish, eat eco-labelled. That way you reduce the risk that sharks have been caught unnecessarily as a result of bad fishing practice.<\/p>\n<p>\n\n\n\n<\/p>\n<p>&#8211; Support the world\u2019s sharks \u2013 many organisations work for shark survival and marine conservation. Among other things one can be a marine sponsor at the World Wildlife Fund WWF.<\/p>\n<p>\n\n\n\n<\/p>\n<p>&#8211; Be a Citizen Scientist. If you find a small spotted red shark contact Havets Hus with the tag number, the length of the shark and where it was found. Please also send a photo of the shark. Other sharks can be reported to the species observation portal www.artportalen.se.<\/p>\n<p>\n\n\n\n<\/p>\n<p>-You can also tell others why Havets Hus releases sharks and about the shark\u2019s situation in the ocean.<\/p>\n<p>\n\n\n<\/p>\n<p>\n\n\n<\/p>\n<p>&#8211; Do not eat shark! Shark fins are considered a delicacy in many places in the world and are even served in Sweden. They are often offered under a name other than shark and so one must be aware.<\/p>\n<p>&#8211; When you eat normal fish, eat eco-labelled. That way you reduce the risk that sharks have been caught unnecessarily as a result of bad fishing practice.<\/p>\n<p>\n\n\n\n<\/p>\n<p>&#8211; Support the world\u2019s sharks \u2013 many organisations work for shark survival and marine conservation. Among other things one can be a marine sponsor at the World Wildlife Fund WWF.<\/p>\n<p>\n\n\n\n<\/p>\n<p>&#8211; Be a Citizen Scientist. If you find a small spotted red shark contact Havets Hus with the tag number, the length of the shark and where it was found. Please also send a photo of the shark. Other sharks can be reported to the species observation portal www.artportalen.se.<\/p>\n<p>\n\n\n\n<\/p>\n<p>-You can also tell others why Havets Hus releases sharks and about the shark\u2019s situation in the ocean.<\/p>\n<p>\n\n<\/p>\n<h2 class=\"wp-block-heading\">What can we do to improve the situation in the ocean?<\/h2>\n<p>\n\n \n\n<\/p>\n<p>&#8211; Reduce the amount of plastic in the sea by recycling your waste and never leaving rubbish anywhere.<\/p>\n<p>&#8211; Shop less frequently and choose natural materials rather than synthetics.<\/p>\n<p>\n\n \n\n<\/p>\n<p>&#8211;\u00a0 Launder less often, air out and dry instead.<\/p>\n<p>\n\n \n\n<\/p>\n<p>&#8211; Choose products without microplastics (avoid polyethylene, polypropylene, polyethylene terephthalate, polymethyl methacrylate and nylon).<\/p>\n<p>\n\n \n\n<\/p>\n<p>&#8211; Encourage your municipality to lay out real grass instead of artificial grass pitches, and drive on stud-free tyres.<\/p>\n<p>\n\n \n\n<\/p>\n<p>&#8211; To reduce global warming and acidification of the oceans one can choose environmentally-friendly transport and avoid unnecessary long journeys.<\/p>\n<p>\n\n \n\n<\/p>\n<p>&#8211; Choose local and environmentally approved goods and electricity.<\/p>\n<p>\n\n \n\n<\/p>\n<p>Start small because this also impacts the large. Together we can help ourselves by helping the oceans. After all the oxygen for every second breath we take comes from the sea.<\/p>\n<p>\n\n \n\n<\/p>\n<h2 class=\"wp-block-heading\">Havets Hus and WWF<\/h2>\n<p>\n\n \n\n<\/p>\n<p>Havets Hus collaborates with the WWF which supports measures that further develop the work with breeding and release as well as dissemination of information concerning the predicament of the world\u2019s sharks.<\/p>\n<p>\n\n \n\n<\/p>\n<h2 class=\"wp-block-heading\">\u00a0<\/h2>\n<p>\n\n \n\n<\/p>\n<p>\u00a0<\/p>\n<p><iframe loading=\"lazy\" title=\"YouTube video player\" src=\"https:\/\/www.youtube.com\/embed\/X4ZECNlF5uE?si=U90v6fxMYyME6USo\" width=\"560\" height=\"315\" frameborder=\"0\" allowfullscreen=\"allowfullscreen\" data-mce-fragment=\"1\"><\/iframe><\/p>\n<p>\n\n \n\n<\/p>\n<p>\u00a0<\/p>\n<p>\n\n \n\n<\/p>\n<figure class=\"wp-block-embed is-type-video is-provider-youtube wp-block-embed-youtube wp-embed-aspect-16-9 wp-has-aspect-ratio\">\n<div class=\"wp-block-embed__wrapper\">https:\/\/youtu.be\/ODHc78TgvxU<\/div>\n<\/figure>\n<p>\n\n \n\n<\/p>\n<p>\u00a0<\/p>\n<p>\n\n \n\n<\/p>\n<figure class=\"wp-block-embed is-type-video is-provider-youtube wp-block-embed-youtube wp-embed-aspect-16-9 wp-has-aspect-ratio\">\n<div class=\"wp-block-embed__wrapper\">https:\/\/youtu.be\/FsDGe_AVkk0<\/div>\n<\/figure>\n<p>\n\n<\/p>\n<p>\n\n\n<\/p>","protected":false},"excerpt":{"rendered":"<p>On Tuesday, June 23, 2026, at 2 PM, Havets Hus will release their home-bred small-spotted red sharks and thornback rays at the Havets Hus pier. (Read more about the shark conservation project below, and about the thornback ray here: Project Thornback Ray &#8211; Havets Hus i Lysekil) Shark release is a part of the work [&hellip;]<\/p>\n","protected":false},"author":3,"featured_media":0,"parent":1344,"menu_order":0,"comment_status":"closed","ping_status":"closed","template":"","meta":{"footnotes":""},"class_list":["post-14986","page","type-page","status-publish","hentry"],"yoast_head":"<!-- This site is optimized with the Yoast SEO plugin v27.4 - https:\/\/yoast.com\/product\/yoast-seo-wordpress\/ -->\n<title>Shark release 2026 - Havets Hus i Lysekil<\/title>\n<meta name=\"robots\" content=\"index, follow, max-snippet:-1, max-image-preview:large, max-video-preview:-1\" \/>\n<link rel=\"canonical\" href=\"https:\/\/www.havetshus.se\/en\/akvariet\/conservation\/hajslapp\/\" \/>\n<meta property=\"og:locale\" content=\"en_US\" \/>\n<meta property=\"og:type\" content=\"article\" \/>\n<meta property=\"og:title\" content=\"Shark release 2026 - Havets Hus i Lysekil\" \/>\n<meta property=\"og:description\" content=\"On Tuesday, June 23, 2026, at 2 PM, Havets Hus will release their home-bred small-spotted red sharks and thornback rays at the Havets Hus pier. (Read more about the shark conservation project below, and about the thornback ray here: Project Thornback Ray &#8211; Havets Hus i Lysekil) Shark release is a part of the work [&hellip;]\" \/>\n<meta property=\"og:url\" content=\"https:\/\/www.havetshus.se\/en\/akvariet\/conservation\/hajslapp\/\" \/>\n<meta property=\"og:site_name\" content=\"Havets Hus i Lysekil\" \/>\n<meta property=\"article:modified_time\" content=\"2026-04-22T14:20:39+00:00\" \/>\n<meta property=\"og:image\" content=\"https:\/\/www.havetshus.se\/wp-content\/uploads\/Helen_med_haj_i_lada_Elias_Neuman.webb_.jpg\" \/>\n\t<meta property=\"og:image:width\" content=\"661\" \/>\n\t<meta property=\"og:image:height\" content=\"441\" \/>\n\t<meta property=\"og:image:type\" content=\"image\/jpeg\" \/>\n<meta name=\"twitter:card\" content=\"summary_large_image\" \/>\n<meta name=\"twitter:label1\" content=\"Est. reading time\" \/>\n\t<meta name=\"twitter:data1\" content=\"7 minutes\" \/>\n<script type=\"application\/ld+json\" class=\"yoast-schema-graph\">{\"@context\":\"https:\\\/\\\/schema.org\",\"@graph\":[{\"@type\":\"WebPage\",\"@id\":\"https:\\\/\\\/www.havetshus.se\\\/en\\\/akvariet\\\/conservation\\\/hajslapp\\\/\",\"url\":\"https:\\\/\\\/www.havetshus.se\\\/en\\\/akvariet\\\/conservation\\\/hajslapp\\\/\",\"name\":\"Shark release 2026 - Havets Hus i Lysekil\",\"isPartOf\":{\"@id\":\"https:\\\/\\\/www.havetshus.se\\\/#website\"},\"primaryImageOfPage\":{\"@id\":\"https:\\\/\\\/www.havetshus.se\\\/en\\\/akvariet\\\/conservation\\\/hajslapp\\\/#primaryimage\"},\"image\":{\"@id\":\"https:\\\/\\\/www.havetshus.se\\\/en\\\/akvariet\\\/conservation\\\/hajslapp\\\/#primaryimage\"},\"thumbnailUrl\":\"https:\\\/\\\/www.havetshus.se\\\/wp-content\\\/uploads\\\/Helen_med_haj_i_lada_Elias_Neuman.webb_.jpg\",\"datePublished\":\"2021-03-18T14:39:24+00:00\",\"dateModified\":\"2026-04-22T14:20:39+00:00\",\"breadcrumb\":{\"@id\":\"https:\\\/\\\/www.havetshus.se\\\/en\\\/akvariet\\\/conservation\\\/hajslapp\\\/#breadcrumb\"},\"inLanguage\":\"en-US\",\"potentialAction\":[{\"@type\":\"ReadAction\",\"target\":[\"https:\\\/\\\/www.havetshus.se\\\/en\\\/akvariet\\\/conservation\\\/hajslapp\\\/\"]}]},{\"@type\":\"ImageObject\",\"inLanguage\":\"en-US\",\"@id\":\"https:\\\/\\\/www.havetshus.se\\\/en\\\/akvariet\\\/conservation\\\/hajslapp\\\/#primaryimage\",\"url\":\"https:\\\/\\\/www.havetshus.se\\\/wp-content\\\/uploads\\\/Helen_med_haj_i_lada_Elias_Neuman.webb_.jpg\",\"contentUrl\":\"https:\\\/\\\/www.havetshus.se\\\/wp-content\\\/uploads\\\/Helen_med_haj_i_lada_Elias_Neuman.webb_.jpg\"},{\"@type\":\"BreadcrumbList\",\"@id\":\"https:\\\/\\\/www.havetshus.se\\\/en\\\/akvariet\\\/conservation\\\/hajslapp\\\/#breadcrumb\",\"itemListElement\":[{\"@type\":\"ListItem\",\"position\":1,\"name\":\"Hem\",\"item\":\"https:\\\/\\\/www.havetshus.se\\\/en\\\/\"},{\"@type\":\"ListItem\",\"position\":2,\"name\":\"Akvariet\",\"item\":\"https:\\\/\\\/www.havetshus.se\\\/en\\\/akvariet\\\/\"},{\"@type\":\"ListItem\",\"position\":3,\"name\":\"CONSERVATION\",\"item\":\"https:\\\/\\\/www.havetshus.se\\\/en\\\/akvariet\\\/conservation\\\/\"},{\"@type\":\"ListItem\",\"position\":4,\"name\":\"Shark release 2026\"}]},{\"@type\":\"WebSite\",\"@id\":\"https:\\\/\\\/www.havetshus.se\\\/#website\",\"url\":\"https:\\\/\\\/www.havetshus.se\\\/\",\"name\":\"Havets Hus i Lysekil\",\"description\":\"L\u00e4r k\u00e4nna livet under ytan\",\"potentialAction\":[{\"@type\":\"SearchAction\",\"target\":{\"@type\":\"EntryPoint\",\"urlTemplate\":\"https:\\\/\\\/www.havetshus.se\\\/?s={search_term_string}\"},\"query-input\":{\"@type\":\"PropertyValueSpecification\",\"valueRequired\":true,\"valueName\":\"search_term_string\"}}],\"inLanguage\":\"en-US\"}]}<\/script>\n<!-- \/ Yoast SEO plugin. -->","yoast_head_json":{"title":"Shark release 2026 - Havets Hus i Lysekil","robots":{"index":"index","follow":"follow","max-snippet":"max-snippet:-1","max-image-preview":"max-image-preview:large","max-video-preview":"max-video-preview:-1"},"canonical":"https:\/\/www.havetshus.se\/en\/akvariet\/conservation\/hajslapp\/","og_locale":"en_US","og_type":"article","og_title":"Shark release 2026 - Havets Hus i Lysekil","og_description":"On Tuesday, June 23, 2026, at 2 PM, Havets Hus will release their home-bred small-spotted red sharks and thornback rays at the Havets Hus pier. (Read more about the shark conservation project below, and about the thornback ray here: Project Thornback Ray &#8211; Havets Hus i Lysekil) Shark release is a part of the work [&hellip;]","og_url":"https:\/\/www.havetshus.se\/en\/akvariet\/conservation\/hajslapp\/","og_site_name":"Havets Hus i Lysekil","article_modified_time":"2026-04-22T14:20:39+00:00","og_image":[{"width":661,"height":441,"url":"https:\/\/www.havetshus.se\/wp-content\/uploads\/Helen_med_haj_i_lada_Elias_Neuman.webb_.jpg","type":"image\/jpeg"}],"twitter_card":"summary_large_image","twitter_misc":{"Est. reading time":"7 minutes"},"schema":{"@context":"https:\/\/schema.org","@graph":[{"@type":"WebPage","@id":"https:\/\/www.havetshus.se\/en\/akvariet\/conservation\/hajslapp\/","url":"https:\/\/www.havetshus.se\/en\/akvariet\/conservation\/hajslapp\/","name":"Shark release 2026 - Havets Hus i Lysekil","isPartOf":{"@id":"https:\/\/www.havetshus.se\/#website"},"primaryImageOfPage":{"@id":"https:\/\/www.havetshus.se\/en\/akvariet\/conservation\/hajslapp\/#primaryimage"},"image":{"@id":"https:\/\/www.havetshus.se\/en\/akvariet\/conservation\/hajslapp\/#primaryimage"},"thumbnailUrl":"https:\/\/www.havetshus.se\/wp-content\/uploads\/Helen_med_haj_i_lada_Elias_Neuman.webb_.jpg","datePublished":"2021-03-18T14:39:24+00:00","dateModified":"2026-04-22T14:20:39+00:00","breadcrumb":{"@id":"https:\/\/www.havetshus.se\/en\/akvariet\/conservation\/hajslapp\/#breadcrumb"},"inLanguage":"en-US","potentialAction":[{"@type":"ReadAction","target":["https:\/\/www.havetshus.se\/en\/akvariet\/conservation\/hajslapp\/"]}]},{"@type":"ImageObject","inLanguage":"en-US","@id":"https:\/\/www.havetshus.se\/en\/akvariet\/conservation\/hajslapp\/#primaryimage","url":"https:\/\/www.havetshus.se\/wp-content\/uploads\/Helen_med_haj_i_lada_Elias_Neuman.webb_.jpg","contentUrl":"https:\/\/www.havetshus.se\/wp-content\/uploads\/Helen_med_haj_i_lada_Elias_Neuman.webb_.jpg"},{"@type":"BreadcrumbList","@id":"https:\/\/www.havetshus.se\/en\/akvariet\/conservation\/hajslapp\/#breadcrumb","itemListElement":[{"@type":"ListItem","position":1,"name":"Hem","item":"https:\/\/www.havetshus.se\/en\/"},{"@type":"ListItem","position":2,"name":"Akvariet","item":"https:\/\/www.havetshus.se\/en\/akvariet\/"},{"@type":"ListItem","position":3,"name":"CONSERVATION","item":"https:\/\/www.havetshus.se\/en\/akvariet\/conservation\/"},{"@type":"ListItem","position":4,"name":"Shark release 2026"}]},{"@type":"WebSite","@id":"https:\/\/www.havetshus.se\/#website","url":"https:\/\/www.havetshus.se\/","name":"Havets Hus i Lysekil","description":"L\u00e4r k\u00e4nna livet under ytan","potentialAction":[{"@type":"SearchAction","target":{"@type":"EntryPoint","urlTemplate":"https:\/\/www.havetshus.se\/?s={search_term_string}"},"query-input":{"@type":"PropertyValueSpecification","valueRequired":true,"valueName":"search_term_string"}}],"inLanguage":"en-US"}]}},"_links":{"self":[{"href":"https:\/\/www.havetshus.se\/en\/wp-json\/wp\/v2\/pages\/14986","targetHints":{"allow":["GET"]}}],"collection":[{"href":"https:\/\/www.havetshus.se\/en\/wp-json\/wp\/v2\/pages"}],"about":[{"href":"https:\/\/www.havetshus.se\/en\/wp-json\/wp\/v2\/types\/page"}],"author":[{"embeddable":true,"href":"https:\/\/www.havetshus.se\/en\/wp-json\/wp\/v2\/users\/3"}],"replies":[{"embeddable":true,"href":"https:\/\/www.havetshus.se\/en\/wp-json\/wp\/v2\/comments?post=14986"}],"version-history":[{"count":15,"href":"https:\/\/www.havetshus.se\/en\/wp-json\/wp\/v2\/pages\/14986\/revisions"}],"predecessor-version":[{"id":18055,"href":"https:\/\/www.havetshus.se\/en\/wp-json\/wp\/v2\/pages\/14986\/revisions\/18055"}],"up":[{"embeddable":true,"href":"https:\/\/www.havetshus.se\/en\/wp-json\/wp\/v2\/pages\/1344"}],"wp:attachment":[{"href":"https:\/\/www.havetshus.se\/en\/wp-json\/wp\/v2\/media?parent=14986"}],"curies":[{"name":"wp","href":"https:\/\/api.w.org\/{rel}","templated":true}]}}