{"id":1440,"date":"2013-04-29T14:08:18","date_gmt":"2013-04-29T12:08:18","guid":{"rendered":"https:\/\/www.havetshus.se\/kontakt-2\/"},"modified":"2026-01-27T16:35:27","modified_gmt":"2026-01-27T15:35:27","slug":"contact","status":"publish","type":"page","link":"https:\/\/www.havetshus.se\/en\/contact\/","title":{"rendered":"CONTACT"},"content":{"rendered":"<h2>Havets Hus<\/h2>\n<p><b>Visiting address:<\/b> Strandv\u00e4gen 9, 453 30 Lysekil, Sweden<\/p>\n<p><b>Postal address:<\/b>\u00a0Havets Hus i Lysekil AB, Strandv\u00e4gen 9, S-453 30 Lysekil, Sweden<\/p>\n<p><b>GPS Coordinates<\/b><\/p>\n<ul>\n<li><b>Havets Hus: <\/b>N 58\u00b0 16.157&#8242;, E 11\u00b0 25.896&#8242;<\/li>\n<li><b>Parking lot: \u00a0<\/b>N 58\u00b0 16.485&#8242;, E 11\u00b0 25.633&#8242;<\/li>\n<\/ul>\n<h3><b>Information and reservation<\/b><\/h3>\n<p><strong>Phone:<\/strong> <span class=\"baec5a81-e4d6-4674-97f3-e9220f0136c1\" style=\"white-space: nowrap;\">+46 (0)523-66 81 60<a style=\"margin: 0px; border: currentColor; left: 0px; top: 0px; width: 16px; height: 16px; right: 0px; bottom: 0px; overflow: hidden; vertical-align: middle; float: none; display: inline; white-space: nowrap; position: static !important;\" title=\"Ring: +46 (0)523-66 81 61\" href=\"#\"><img decoding=\"async\" style=\"margin: 0px; border: currentColor; left: 0px; top: 0px; width: 16px; height: 16px; right: 0px; bottom: 0px; overflow: hidden; vertical-align: middle; float: none; display: inline; white-space: nowrap; position: static !important;\" title=\"Ring: +46 (0)523-66 81 61\" src=\"data:image\/png;base64,iVBORw0KGgoAAAANSUhEUgAAABAAAAAQCAYAAAAf8\/9hAAABcklEQVR4XpXTPUvDUBTH4aR2c2hBQXGpTiIORhBcBOvgYKf0Awi+4Ggr1MVPIIrYdnEpShddHIyLi6AVXVxsRRDRwbi4KNgu4lCIv8i\/i6QRDzycy+09555LqOl5nhEUptPoJe1iDHU8oYlrlDw79m4QEbSLPexzsIc8hDRm8YBjLpj4q8EgxQdab+MNd4ghhQ2adIc1+ORAFEnWWfTDRp7GDfImlsIavKALLuqoqMGUCs4wHtagiQ5uc8kDyCOBKlP1k78QNTOZnMXCQRxWsbjl6iuskV41SQG2Gj9rikvcR1WcgKFDBa1LOEUK56hqv8BUFV3SGWkVS9JQ6Dsv4wQ1DKMPORUvkm78BhdQMI1CTa5I0yrcwSFqFD+SZ7DQesIkCG5S\/JpkHYERQRmuNsrZ7Grc+Ef8\/Bcoslkfae8Wc7CUHZ++TuAEBj86pHntjaDKXllPy6PW\/gkKFaThwp\/K87N8hDcQTTKKFTioSxqB8Q2BNX5JtAljwgAAAABJRU5ErkJggg==\" \/><\/a> +46 (0)523-668161<\/span><br \/>\n<strong>E-mail<\/strong>: <a href=\"mailto:havetshus@havetshus.se\">havetshus@havetshus.se<\/a><\/p>\n<p><strong>VAT:<\/strong> SE556670703901<\/p>\n<p><strong>IBAN:<\/strong> SE06 9500 0099 6034 1489 8969<br \/>\n<strong>SWIFT\/BIC:<\/strong> NDEASESS<\/p>\n<p><strong>Visitor service manager:<\/strong>\u00a0Jennie Soriano<br \/>\n<strong>Phone: <\/strong>+46 (0)523-668168<\/p>\n<p><strong>E-mail:<\/strong> Jennie.soriano@havetshus.se<\/p>\n<h3><b>The <\/b><b>Aquarium<\/b><\/h3>\n<p><strong>Curator:<\/strong>\u00a0Helen Sk\u00f6ld<br \/>\n<strong>Phone:<\/strong> <span class=\"baec5a81-e4d6-4674-97f3-e9220f0136c1\" style=\"white-space: nowrap;\">+46 (0)523-66 81 64<a style=\"margin: 0px; border: currentColor; left: 0px; top: 0px; width: 16px; height: 16px; right: 0px; bottom: 0px; overflow: hidden; vertical-align: middle; float: none; display: inline; white-space: nowrap; position: static !important;\" title=\"Ring: +46 (0)523-66 81 64\" href=\"#\"><img decoding=\"async\" style=\"margin: 0px; border: currentColor; left: 0px; top: 0px; width: 16px; height: 16px; right: 0px; bottom: 0px; overflow: hidden; vertical-align: middle; float: none; display: inline; white-space: nowrap; position: static !important;\" title=\"Ring: +46 (0)523-66 81 64\" src=\"data:image\/png;base64,iVBORw0KGgoAAAANSUhEUgAAABAAAAAQCAYAAAAf8\/9hAAABcklEQVR4XpXTPUvDUBTH4aR2c2hBQXGpTiIORhBcBOvgYKf0Awi+4Ggr1MVPIIrYdnEpShddHIyLi6AVXVxsRRDRwbi4KNgu4lCIv8i\/i6QRDzycy+09555LqOl5nhEUptPoJe1iDHU8oYlrlDw79m4QEbSLPexzsIc8hDRm8YBjLpj4q8EgxQdab+MNd4ghhQ2adIc1+ORAFEnWWfTDRp7GDfImlsIavKALLuqoqMGUCs4wHtagiQ5uc8kDyCOBKlP1k78QNTOZnMXCQRxWsbjl6iuskV41SQG2Gj9rikvcR1WcgKFDBa1LOEUK56hqv8BUFV3SGWkVS9JQ6Dsv4wQ1DKMPORUvkm78BhdQMI1CTa5I0yrcwSFqFD+SZ7DQesIkCG5S\/JpkHYERQRmuNsrZ7Grc+Ef8\/Bcoslkfae8Wc7CUHZ++TuAEBj86pHntjaDKXllPy6PW\/gkKFaThwp\/K87N8hDcQTTKKFTioSxqB8Q2BNX5JtAljwgAAAABJRU5ErkJggg==\" \/><\/a><\/span><br \/>\n<strong>E-mail<\/strong>: <a href=\"mailto:helen.skold@havetshus.se\">helen.skold@havetshus.se<\/a><\/p>\n<p><strong>Aquarium technicians\/ Zoo keepers<\/strong>:\u00a0 Roger Jansson,\u00a0 Martin Stjernstedt &amp; Karolina Sandberg<br \/>\n<strong>Phone:<\/strong> +46 (0)523-66 81 62<br \/>\n<strong>E-mail<\/strong>: roger.jansson@havetshus.se, martin.stjernstedt@havetshus.se, karolina.sandberg@havetshus.se<\/p>\n<h3><b>Administration<\/b><\/h3>\n<p><strong>Managing Director:<\/strong> Christophe Risenius<br \/>\n<strong>Phone:<\/strong> <span class=\"baec5a81-e4d6-4674-97f3-e9220f0136c1\" style=\"white-space: nowrap;\">+46 (0)523-66 81 66<a style=\"margin: 0px; border: currentColor; left: 0px; top: 0px; width: 16px; height: 16px; right: 0px; bottom: 0px; overflow: hidden; vertical-align: middle; float: none; display: inline; white-space: nowrap; position: static !important;\" title=\"Ring: +46 (0)523-66 81 66\" href=\"#\"><img decoding=\"async\" style=\"margin: 0px; border: currentColor; left: 0px; top: 0px; width: 16px; height: 16px; right: 0px; bottom: 0px; overflow: hidden; vertical-align: middle; float: none; display: inline; white-space: nowrap; position: static !important;\" title=\"Ring: +46 (0)523-66 81 66\" src=\"data:image\/png;base64,iVBORw0KGgoAAAANSUhEUgAAABAAAAAQCAYAAAAf8\/9hAAABcklEQVR4XpXTPUvDUBTH4aR2c2hBQXGpTiIORhBcBOvgYKf0Awi+4Ggr1MVPIIrYdnEpShddHIyLi6AVXVxsRRDRwbi4KNgu4lCIv8i\/i6QRDzycy+09555LqOl5nhEUptPoJe1iDHU8oYlrlDw79m4QEbSLPexzsIc8hDRm8YBjLpj4q8EgxQdab+MNd4ghhQ2adIc1+ORAFEnWWfTDRp7GDfImlsIavKALLuqoqMGUCs4wHtagiQ5uc8kDyCOBKlP1k78QNTOZnMXCQRxWsbjl6iuskV41SQG2Gj9rikvcR1WcgKFDBa1LOEUK56hqv8BUFV3SGWkVS9JQ6Dsv4wQ1DKMPORUvkm78BhdQMI1CTa5I0yrcwSFqFD+SZ7DQesIkCG5S\/JpkHYERQRmuNsrZ7Grc+Ef8\/Bcoslkfae8Wc7CUHZ++TuAEBj86pHntjaDKXllPy6PW\/gkKFaThwp\/K87N8hDcQTTKKFTioSxqB8Q2BNX5JtAljwgAAAABJRU5ErkJggg==\" \/><\/a><\/span><br \/>\n<strong>E-mail:<\/strong> christophe.risenius@havetshus.se<\/p>\n<h3>Restaurant,\u00a0 Havets Hus<\/h3>\n<p><strong>Phone:<\/strong> <span class=\"baec5a81-e4d6-4674-97f3-e9220f0136c1\" style=\"white-space: nowrap;\">+46 (0) 523-66 81 69<\/span><\/p>\n<p><strong>E-mail:<\/strong> restaurang@havetshus.se<\/p>\n<h3>Seal safari &#8211; Sk\u00e4rg\u00e5rdsb\u00e5tarna<\/h3>\n<p><strong>Booking: <a href=\"https:\/\/boka.uddevalla.com\/en\/order\/seal-safari-2\/\">Seal safari &#8211; experiences in Uddevalla<\/a><\/strong><\/p>\n<p><strong>E-mail: <\/strong>skargardsbatarna@uddevalla.com<\/p>\n<blockquote><p>Havets hus is part of the Swedish public sector. <b>For sales of goods and services to us<\/b>, the Swedish Public Procurement Act applies. (<a href=\"http:\/\/www.kkv.se\/upload\/Filer\/ENG\/Publications\/Swedish_Public_Procurement_Act.pdf\" target=\"_blank\" rel=\"noopener\">Law details in pdf<\/a>). For inquiries regarding this, contact Managing Director Christophe Risenius, e-mail: christophe.risenius@havetshus.se<\/p><\/blockquote>\n","protected":false},"excerpt":{"rendered":"<p>Havets Hus Visiting address: Strandv\u00e4gen 9, 453 30 Lysekil, Sweden Postal address:\u00a0Havets Hus i Lysekil AB, Strandv\u00e4gen 9, S-453 30 Lysekil, Sweden GPS Coordinates Havets Hus: N 58\u00b0 16.157&#8242;, E 11\u00b0 25.896&#8242; Parking lot: \u00a0N 58\u00b0 16.485&#8242;, E 11\u00b0 25.633&#8242; Information and reservation Phone: +46 (0)523-66 81 60 +46 (0)523-668161 E-mail: havetshus@havetshus.se VAT: SE556670703901 IBAN: [&hellip;]<\/p>\n","protected":false},"author":1001009,"featured_media":0,"parent":0,"menu_order":0,"comment_status":"closed","ping_status":"closed","template":"","meta":{"footnotes":""},"class_list":["post-1440","page","type-page","status-publish","hentry"],"yoast_head":"<!-- This site is optimized with the Yoast SEO plugin v27.4 - https:\/\/yoast.com\/product\/yoast-seo-wordpress\/ -->\n<title>CONTACT - Havets Hus i Lysekil<\/title>\n<meta name=\"robots\" content=\"index, follow, max-snippet:-1, max-image-preview:large, max-video-preview:-1\" \/>\n<link rel=\"canonical\" href=\"https:\/\/www.havetshus.se\/en\/contact\/\" \/>\n<meta property=\"og:locale\" content=\"en_US\" \/>\n<meta property=\"og:type\" content=\"article\" \/>\n<meta property=\"og:title\" content=\"CONTACT - Havets Hus i Lysekil\" \/>\n<meta property=\"og:description\" content=\"Havets Hus Visiting address: Strandv\u00e4gen 9, 453 30 Lysekil, Sweden Postal address:\u00a0Havets Hus i Lysekil AB, Strandv\u00e4gen 9, S-453 30 Lysekil, Sweden GPS Coordinates Havets Hus: N 58\u00b0 16.157&#8242;, E 11\u00b0 25.896&#8242; Parking lot: \u00a0N 58\u00b0 16.485&#8242;, E 11\u00b0 25.633&#8242; Information and reservation Phone: +46 (0)523-66 81 60 +46 (0)523-668161 E-mail: havetshus@havetshus.se VAT: SE556670703901 IBAN: [&hellip;]\" \/>\n<meta property=\"og:url\" content=\"https:\/\/www.havetshus.se\/en\/contact\/\" \/>\n<meta property=\"og:site_name\" content=\"Havets Hus i Lysekil\" \/>\n<meta property=\"article:modified_time\" content=\"2026-01-27T15:35:27+00:00\" \/>\n<meta name=\"twitter:card\" content=\"summary_large_image\" \/>\n<meta name=\"twitter:label1\" content=\"Est. reading time\" \/>\n\t<meta name=\"twitter:data1\" content=\"2 minutes\" \/>\n<script type=\"application\/ld+json\" class=\"yoast-schema-graph\">{\"@context\":\"https:\\\/\\\/schema.org\",\"@graph\":[{\"@type\":\"WebPage\",\"@id\":\"https:\\\/\\\/www.havetshus.se\\\/en\\\/contact\\\/\",\"url\":\"https:\\\/\\\/www.havetshus.se\\\/en\\\/contact\\\/\",\"name\":\"CONTACT - Havets Hus i Lysekil\",\"isPartOf\":{\"@id\":\"https:\\\/\\\/www.havetshus.se\\\/#website\"},\"datePublished\":\"2013-04-29T12:08:18+00:00\",\"dateModified\":\"2026-01-27T15:35:27+00:00\",\"breadcrumb\":{\"@id\":\"https:\\\/\\\/www.havetshus.se\\\/en\\\/contact\\\/#breadcrumb\"},\"inLanguage\":\"en-US\",\"potentialAction\":[{\"@type\":\"ReadAction\",\"target\":[\"https:\\\/\\\/www.havetshus.se\\\/en\\\/contact\\\/\"]}]},{\"@type\":\"BreadcrumbList\",\"@id\":\"https:\\\/\\\/www.havetshus.se\\\/en\\\/contact\\\/#breadcrumb\",\"itemListElement\":[{\"@type\":\"ListItem\",\"position\":1,\"name\":\"Hem\",\"item\":\"https:\\\/\\\/www.havetshus.se\\\/en\\\/\"},{\"@type\":\"ListItem\",\"position\":2,\"name\":\"CONTACT\"}]},{\"@type\":\"WebSite\",\"@id\":\"https:\\\/\\\/www.havetshus.se\\\/#website\",\"url\":\"https:\\\/\\\/www.havetshus.se\\\/\",\"name\":\"Havets Hus i Lysekil\",\"description\":\"L\u00e4r k\u00e4nna livet under ytan\",\"potentialAction\":[{\"@type\":\"SearchAction\",\"target\":{\"@type\":\"EntryPoint\",\"urlTemplate\":\"https:\\\/\\\/www.havetshus.se\\\/?s={search_term_string}\"},\"query-input\":{\"@type\":\"PropertyValueSpecification\",\"valueRequired\":true,\"valueName\":\"search_term_string\"}}],\"inLanguage\":\"en-US\"}]}<\/script>\n<!-- \/ Yoast SEO plugin. -->","yoast_head_json":{"title":"CONTACT - Havets Hus i Lysekil","robots":{"index":"index","follow":"follow","max-snippet":"max-snippet:-1","max-image-preview":"max-image-preview:large","max-video-preview":"max-video-preview:-1"},"canonical":"https:\/\/www.havetshus.se\/en\/contact\/","og_locale":"en_US","og_type":"article","og_title":"CONTACT - Havets Hus i Lysekil","og_description":"Havets Hus Visiting address: Strandv\u00e4gen 9, 453 30 Lysekil, Sweden Postal address:\u00a0Havets Hus i Lysekil AB, Strandv\u00e4gen 9, S-453 30 Lysekil, Sweden GPS Coordinates Havets Hus: N 58\u00b0 16.157&#8242;, E 11\u00b0 25.896&#8242; Parking lot: \u00a0N 58\u00b0 16.485&#8242;, E 11\u00b0 25.633&#8242; Information and reservation Phone: +46 (0)523-66 81 60 +46 (0)523-668161 E-mail: havetshus@havetshus.se VAT: SE556670703901 IBAN: [&hellip;]","og_url":"https:\/\/www.havetshus.se\/en\/contact\/","og_site_name":"Havets Hus i Lysekil","article_modified_time":"2026-01-27T15:35:27+00:00","twitter_card":"summary_large_image","twitter_misc":{"Est. reading time":"2 minutes"},"schema":{"@context":"https:\/\/schema.org","@graph":[{"@type":"WebPage","@id":"https:\/\/www.havetshus.se\/en\/contact\/","url":"https:\/\/www.havetshus.se\/en\/contact\/","name":"CONTACT - Havets Hus i Lysekil","isPartOf":{"@id":"https:\/\/www.havetshus.se\/#website"},"datePublished":"2013-04-29T12:08:18+00:00","dateModified":"2026-01-27T15:35:27+00:00","breadcrumb":{"@id":"https:\/\/www.havetshus.se\/en\/contact\/#breadcrumb"},"inLanguage":"en-US","potentialAction":[{"@type":"ReadAction","target":["https:\/\/www.havetshus.se\/en\/contact\/"]}]},{"@type":"BreadcrumbList","@id":"https:\/\/www.havetshus.se\/en\/contact\/#breadcrumb","itemListElement":[{"@type":"ListItem","position":1,"name":"Hem","item":"https:\/\/www.havetshus.se\/en\/"},{"@type":"ListItem","position":2,"name":"CONTACT"}]},{"@type":"WebSite","@id":"https:\/\/www.havetshus.se\/#website","url":"https:\/\/www.havetshus.se\/","name":"Havets Hus i Lysekil","description":"L\u00e4r k\u00e4nna livet under ytan","potentialAction":[{"@type":"SearchAction","target":{"@type":"EntryPoint","urlTemplate":"https:\/\/www.havetshus.se\/?s={search_term_string}"},"query-input":{"@type":"PropertyValueSpecification","valueRequired":true,"valueName":"search_term_string"}}],"inLanguage":"en-US"}]}},"_links":{"self":[{"href":"https:\/\/www.havetshus.se\/en\/wp-json\/wp\/v2\/pages\/1440","targetHints":{"allow":["GET"]}}],"collection":[{"href":"https:\/\/www.havetshus.se\/en\/wp-json\/wp\/v2\/pages"}],"about":[{"href":"https:\/\/www.havetshus.se\/en\/wp-json\/wp\/v2\/types\/page"}],"author":[{"embeddable":true,"href":"https:\/\/www.havetshus.se\/en\/wp-json\/wp\/v2\/users\/1001009"}],"replies":[{"embeddable":true,"href":"https:\/\/www.havetshus.se\/en\/wp-json\/wp\/v2\/comments?post=1440"}],"version-history":[{"count":48,"href":"https:\/\/www.havetshus.se\/en\/wp-json\/wp\/v2\/pages\/1440\/revisions"}],"predecessor-version":[{"id":17908,"href":"https:\/\/www.havetshus.se\/en\/wp-json\/wp\/v2\/pages\/1440\/revisions\/17908"}],"wp:attachment":[{"href":"https:\/\/www.havetshus.se\/en\/wp-json\/wp\/v2\/media?parent=1440"}],"curies":[{"name":"wp","href":"https:\/\/api.w.org\/{rel}","templated":true}]}}