{"id":1429,"date":"2013-04-29T14:09:07","date_gmt":"2013-04-29T12:09:07","guid":{"rendered":"https:\/\/www.havetshus.se\/foretag\/konferens\/"},"modified":"2026-01-27T16:25:06","modified_gmt":"2026-01-27T15:25:06","slug":"konferens","status":"publish","type":"page","link":"https:\/\/www.havetshus.se\/en\/foretag\/konferens\/","title":{"rendered":"Konferens"},"content":{"rendered":"\n<p>I Havets verkstad kan grupper hyra in sig f\u00f6r en marin konferensupplevelse.<\/p>\n\n\n\n<figure class=\"wp-block-image\"><a href=\"https:\/\/www.havetshus.se\/wp-content\/uploads\/\/IMG_0088-scaled.jpg\"><img loading=\"lazy\" decoding=\"async\" width=\"1024\" height=\"768\" src=\"https:\/\/www.havetshus.se\/wp-content\/uploads\/\/IMG_0088-1024x768.jpg\" alt=\"Bild: Havsverkstaden\" class=\"wp-image-8220\" srcset=\"https:\/\/www.havetshus.se\/wp-content\/uploads\/IMG_0088-1024x768.jpg 1024w, https:\/\/www.havetshus.se\/wp-content\/uploads\/IMG_0088-300x225.jpg 300w, https:\/\/www.havetshus.se\/wp-content\/uploads\/IMG_0088-768x576.jpg 768w, https:\/\/www.havetshus.se\/wp-content\/uploads\/IMG_0088-1536x1152.jpg 1536w, https:\/\/www.havetshus.se\/wp-content\/uploads\/IMG_0088-2048x1536.jpg 2048w\" sizes=\"auto, (max-width: 1024px) 100vw, 1024px\" \/><\/a><\/figure>\n\n\n\n<p>Antal platser vid bord: 14. Biosittning: 20 platser.&nbsp;<\/p>\n\n\n\n<p>Lokalen \u00e4r m\u00f6blerad i antingen biosittning, skolsittning eller styrelsesittning. Kom i tid och m\u00f6blera som ni vill.<\/p>\n\n\n\n<p>Kombinera g\u00e4rna konferensen med n\u00e5gon av v\u00e5ra aktiviteter i anl\u00e4ggningen. Vi har flera olika <a title=\"Guidning\" href=\"http:\/\/havetshus.se\/att-gora\/guidning\/\">guidningar<\/a> \u2013 n\u00e5gra som \u00e4r lite l\u00e4ngre, andra som \u00e4r lite kortare.<\/p>\n\n\n\n<p>T\u00e4nk p\u00e5 att vara ute i god tid inf\u00f6r konferensen s\u00e5 tekniken fungerar som den ska. Havets Hus har ingen konferensv\u00e4rd men det finns telefonnummer i lokalen som man kan ringa ifall man har fr\u00e5gor. Lokalen \u00e4r tillg\u00e4nglig under Havets Hus ordinarie \u00f6ppettider. Det \u00e4r m\u00f6jligt att b\u00f6rja konferensen tidigare efter \u00f6verenskommelse.<\/p>\n\n\n\n<blockquote class=\"wp-block-quote is-layout-flow wp-block-quote-is-layout-flow\">\n<p>OBS! Inga p\u00e4lsdjur f\u00e5r vistas inne i&nbsp;Havets Hus&nbsp;konferensrum.<\/p>\n<\/blockquote>\n\n\n\n<figure class=\"wp-block-table\"><table><tbody><tr><td><h3>Priser <span style=\"font-family: inherit; font-size: inherit; font-weight: inherit; color: initial;\">2026<\/span><\/h3><\/td><td><span style=\"color: #000000;\">&nbsp;Inklusive 25% moms<\/span><\/td><\/tr><tr><td><strong>Konferens heldag<\/strong>, 8:00-16:00<\/td><td>1890 kr<\/td><\/tr><tr><td><strong>Konferens halvdag<\/strong>, 8:00-12:00 alt 12:00-16:00<\/td><td>1260 kr<\/td><\/tr><\/tbody><\/table><\/figure>\n\n\n\n<p><em>Tr\u00e5dl\u00f6st internet ing\u00e5r.&nbsp;&nbsp;Dataprojektor finns. Inloggning till n\u00e4tverket finns inne i konferenssalen.<\/em><\/p>\n\n\n\n<p>\u00d6nskar ni fika eller lunch kan ni kontakta restaurangen 0523-668169.<\/p>\n\n\n\n<p>F\u00f6r att bli insl\u00e4ppt f\u00f6re entr\u00e9n \u00f6ppnar vid kl 10, ring akvariet p\u00e5 0523-668162 alt receptionen 0523-668161. H\u00e4r finns fler <a href=\"https:\/\/www.havetshus.se\/en\/contact\/\">kontaktuppgifter<\/a>. <\/p>\n\n\n\n<p>Om konferensrummet hyrs f\u00f6r f\u00f6rt\u00e4ring tillkommer en st\u00e4davgift p\u00e5 500 kr. Rummet ska l\u00e4mnas i samma skick som n\u00e4r ni kom men vi st\u00e4dar bord och golv mm efter kalaset\/maten.<\/p>\n\n\n\n<p><\/p>\n\n\n\n<p>\u00d6nskas bes\u00f6k i akvariet tillkommer entr\u00e9 och guidning eller personalkostnader. <\/p>\n\n\n\n<h3 class=\"wp-block-heading\"><em>&nbsp;<\/em><\/h3>\n\n\n\n<h3 class=\"wp-block-heading\">Boka Konferens<\/h3>\n\n\n\n<p>Havets Hus reception: 0523-66 81 61<\/p>\n\n\n\n<p>E-post: <a href=\"mailto:havetshus@havetshus.se\">havetshus@havetshus.se<\/a><\/p>\n","protected":false},"excerpt":{"rendered":"<p>I Havets verkstad kan grupper hyra in sig f\u00f6r en marin konferensupplevelse. Antal platser vid bord: 14. Biosittning: 20 platser.&nbsp; Lokalen \u00e4r m\u00f6blerad i antingen biosittning, skolsittning eller styrelsesittning. Kom i tid och m\u00f6blera som ni vill. Kombinera g\u00e4rna konferensen med n\u00e5gon av v\u00e5ra aktiviteter i anl\u00e4ggningen. Vi har flera olika guidningar \u2013 n\u00e5gra som [&hellip;]<\/p>\n","protected":false},"author":1001009,"featured_media":0,"parent":1427,"menu_order":0,"comment_status":"closed","ping_status":"closed","template":"","meta":{"footnotes":""},"class_list":["post-1429","page","type-page","status-publish","hentry"],"yoast_head":"<!-- This site is optimized with the Yoast SEO plugin v27.3 - https:\/\/yoast.com\/product\/yoast-seo-wordpress\/ -->\n<title>Konferens - Havets Hus i Lysekil<\/title>\n<meta name=\"robots\" content=\"index, follow, max-snippet:-1, max-image-preview:large, max-video-preview:-1\" \/>\n<link rel=\"canonical\" href=\"https:\/\/www.havetshus.se\/en\/foretag\/konferens\/\" \/>\n<meta property=\"og:locale\" content=\"en_US\" \/>\n<meta property=\"og:type\" content=\"article\" \/>\n<meta property=\"og:title\" content=\"Konferens - Havets Hus i Lysekil\" \/>\n<meta property=\"og:description\" content=\"I Havets verkstad kan grupper hyra in sig f\u00f6r en marin konferensupplevelse. Antal platser vid bord: 14. Biosittning: 20 platser.&nbsp; Lokalen \u00e4r m\u00f6blerad i antingen biosittning, skolsittning eller styrelsesittning. Kom i tid och m\u00f6blera som ni vill. Kombinera g\u00e4rna konferensen med n\u00e5gon av v\u00e5ra aktiviteter i anl\u00e4ggningen. Vi har flera olika guidningar \u2013 n\u00e5gra som [&hellip;]\" \/>\n<meta property=\"og:url\" content=\"https:\/\/www.havetshus.se\/en\/foretag\/konferens\/\" \/>\n<meta property=\"og:site_name\" content=\"Havets Hus i Lysekil\" \/>\n<meta property=\"article:modified_time\" content=\"2026-01-27T15:25:06+00:00\" \/>\n<meta property=\"og:image\" content=\"https:\/\/www.havetshus.se\/wp-content\/uploads\/IMG_0088-scaled.jpg\" \/>\n\t<meta property=\"og:image:width\" content=\"2560\" \/>\n\t<meta property=\"og:image:height\" content=\"1920\" \/>\n\t<meta property=\"og:image:type\" content=\"image\/jpeg\" \/>\n<meta name=\"twitter:card\" content=\"summary_large_image\" \/>\n<meta name=\"twitter:label1\" content=\"Est. reading time\" \/>\n\t<meta name=\"twitter:data1\" content=\"2 minutes\" \/>\n<script type=\"application\/ld+json\" class=\"yoast-schema-graph\">{\"@context\":\"https:\\\/\\\/schema.org\",\"@graph\":[{\"@type\":\"WebPage\",\"@id\":\"https:\\\/\\\/www.havetshus.se\\\/en\\\/foretag\\\/konferens\\\/\",\"url\":\"https:\\\/\\\/www.havetshus.se\\\/en\\\/foretag\\\/konferens\\\/\",\"name\":\"Konferens - Havets Hus i Lysekil\",\"isPartOf\":{\"@id\":\"https:\\\/\\\/www.havetshus.se\\\/#website\"},\"primaryImageOfPage\":{\"@id\":\"https:\\\/\\\/www.havetshus.se\\\/en\\\/foretag\\\/konferens\\\/#primaryimage\"},\"image\":{\"@id\":\"https:\\\/\\\/www.havetshus.se\\\/en\\\/foretag\\\/konferens\\\/#primaryimage\"},\"thumbnailUrl\":\"https:\\\/\\\/www.havetshus.se\\\/wp-content\\\/uploads\\\/\\\/IMG_0088-1024x768.jpg\",\"datePublished\":\"2013-04-29T12:09:07+00:00\",\"dateModified\":\"2026-01-27T15:25:06+00:00\",\"breadcrumb\":{\"@id\":\"https:\\\/\\\/www.havetshus.se\\\/en\\\/foretag\\\/konferens\\\/#breadcrumb\"},\"inLanguage\":\"en-US\",\"potentialAction\":[{\"@type\":\"ReadAction\",\"target\":[\"https:\\\/\\\/www.havetshus.se\\\/en\\\/foretag\\\/konferens\\\/\"]}]},{\"@type\":\"ImageObject\",\"inLanguage\":\"en-US\",\"@id\":\"https:\\\/\\\/www.havetshus.se\\\/en\\\/foretag\\\/konferens\\\/#primaryimage\",\"url\":\"https:\\\/\\\/www.havetshus.se\\\/wp-content\\\/uploads\\\/\\\/IMG_0088-1024x768.jpg\",\"contentUrl\":\"https:\\\/\\\/www.havetshus.se\\\/wp-content\\\/uploads\\\/\\\/IMG_0088-1024x768.jpg\"},{\"@type\":\"BreadcrumbList\",\"@id\":\"https:\\\/\\\/www.havetshus.se\\\/en\\\/foretag\\\/konferens\\\/#breadcrumb\",\"itemListElement\":[{\"@type\":\"ListItem\",\"position\":1,\"name\":\"Hem\",\"item\":\"https:\\\/\\\/www.havetshus.se\\\/en\\\/\"},{\"@type\":\"ListItem\",\"position\":2,\"name\":\"F\u00f6retag\",\"item\":\"https:\\\/\\\/www.havetshus.se\\\/en\\\/foretag\\\/\"},{\"@type\":\"ListItem\",\"position\":3,\"name\":\"Konferens\"}]},{\"@type\":\"WebSite\",\"@id\":\"https:\\\/\\\/www.havetshus.se\\\/#website\",\"url\":\"https:\\\/\\\/www.havetshus.se\\\/\",\"name\":\"Havets Hus i Lysekil\",\"description\":\"L\u00e4r k\u00e4nna livet under ytan\",\"potentialAction\":[{\"@type\":\"SearchAction\",\"target\":{\"@type\":\"EntryPoint\",\"urlTemplate\":\"https:\\\/\\\/www.havetshus.se\\\/?s={search_term_string}\"},\"query-input\":{\"@type\":\"PropertyValueSpecification\",\"valueRequired\":true,\"valueName\":\"search_term_string\"}}],\"inLanguage\":\"en-US\"}]}<\/script>\n<!-- \/ Yoast SEO plugin. -->","yoast_head_json":{"title":"Konferens - Havets Hus i Lysekil","robots":{"index":"index","follow":"follow","max-snippet":"max-snippet:-1","max-image-preview":"max-image-preview:large","max-video-preview":"max-video-preview:-1"},"canonical":"https:\/\/www.havetshus.se\/en\/foretag\/konferens\/","og_locale":"en_US","og_type":"article","og_title":"Konferens - Havets Hus i Lysekil","og_description":"I Havets verkstad kan grupper hyra in sig f\u00f6r en marin konferensupplevelse. Antal platser vid bord: 14. Biosittning: 20 platser.&nbsp; Lokalen \u00e4r m\u00f6blerad i antingen biosittning, skolsittning eller styrelsesittning. Kom i tid och m\u00f6blera som ni vill. Kombinera g\u00e4rna konferensen med n\u00e5gon av v\u00e5ra aktiviteter i anl\u00e4ggningen. Vi har flera olika guidningar \u2013 n\u00e5gra som [&hellip;]","og_url":"https:\/\/www.havetshus.se\/en\/foretag\/konferens\/","og_site_name":"Havets Hus i Lysekil","article_modified_time":"2026-01-27T15:25:06+00:00","og_image":[{"width":2560,"height":1920,"url":"https:\/\/www.havetshus.se\/wp-content\/uploads\/IMG_0088-scaled.jpg","type":"image\/jpeg"}],"twitter_card":"summary_large_image","twitter_misc":{"Est. reading time":"2 minutes"},"schema":{"@context":"https:\/\/schema.org","@graph":[{"@type":"WebPage","@id":"https:\/\/www.havetshus.se\/en\/foretag\/konferens\/","url":"https:\/\/www.havetshus.se\/en\/foretag\/konferens\/","name":"Konferens - Havets Hus i Lysekil","isPartOf":{"@id":"https:\/\/www.havetshus.se\/#website"},"primaryImageOfPage":{"@id":"https:\/\/www.havetshus.se\/en\/foretag\/konferens\/#primaryimage"},"image":{"@id":"https:\/\/www.havetshus.se\/en\/foretag\/konferens\/#primaryimage"},"thumbnailUrl":"https:\/\/www.havetshus.se\/wp-content\/uploads\/\/IMG_0088-1024x768.jpg","datePublished":"2013-04-29T12:09:07+00:00","dateModified":"2026-01-27T15:25:06+00:00","breadcrumb":{"@id":"https:\/\/www.havetshus.se\/en\/foretag\/konferens\/#breadcrumb"},"inLanguage":"en-US","potentialAction":[{"@type":"ReadAction","target":["https:\/\/www.havetshus.se\/en\/foretag\/konferens\/"]}]},{"@type":"ImageObject","inLanguage":"en-US","@id":"https:\/\/www.havetshus.se\/en\/foretag\/konferens\/#primaryimage","url":"https:\/\/www.havetshus.se\/wp-content\/uploads\/\/IMG_0088-1024x768.jpg","contentUrl":"https:\/\/www.havetshus.se\/wp-content\/uploads\/\/IMG_0088-1024x768.jpg"},{"@type":"BreadcrumbList","@id":"https:\/\/www.havetshus.se\/en\/foretag\/konferens\/#breadcrumb","itemListElement":[{"@type":"ListItem","position":1,"name":"Hem","item":"https:\/\/www.havetshus.se\/en\/"},{"@type":"ListItem","position":2,"name":"F\u00f6retag","item":"https:\/\/www.havetshus.se\/en\/foretag\/"},{"@type":"ListItem","position":3,"name":"Konferens"}]},{"@type":"WebSite","@id":"https:\/\/www.havetshus.se\/#website","url":"https:\/\/www.havetshus.se\/","name":"Havets Hus i Lysekil","description":"L\u00e4r k\u00e4nna livet under ytan","potentialAction":[{"@type":"SearchAction","target":{"@type":"EntryPoint","urlTemplate":"https:\/\/www.havetshus.se\/?s={search_term_string}"},"query-input":{"@type":"PropertyValueSpecification","valueRequired":true,"valueName":"search_term_string"}}],"inLanguage":"en-US"}]}},"_links":{"self":[{"href":"https:\/\/www.havetshus.se\/en\/wp-json\/wp\/v2\/pages\/1429","targetHints":{"allow":["GET"]}}],"collection":[{"href":"https:\/\/www.havetshus.se\/en\/wp-json\/wp\/v2\/pages"}],"about":[{"href":"https:\/\/www.havetshus.se\/en\/wp-json\/wp\/v2\/types\/page"}],"author":[{"embeddable":true,"href":"https:\/\/www.havetshus.se\/en\/wp-json\/wp\/v2\/users\/1001009"}],"replies":[{"embeddable":true,"href":"https:\/\/www.havetshus.se\/en\/wp-json\/wp\/v2\/comments?post=1429"}],"version-history":[{"count":50,"href":"https:\/\/www.havetshus.se\/en\/wp-json\/wp\/v2\/pages\/1429\/revisions"}],"predecessor-version":[{"id":17900,"href":"https:\/\/www.havetshus.se\/en\/wp-json\/wp\/v2\/pages\/1429\/revisions\/17900"}],"up":[{"embeddable":true,"href":"https:\/\/www.havetshus.se\/en\/wp-json\/wp\/v2\/pages\/1427"}],"wp:attachment":[{"href":"https:\/\/www.havetshus.se\/en\/wp-json\/wp\/v2\/media?parent=1429"}],"curies":[{"name":"wp","href":"https:\/\/api.w.org\/{rel}","templated":true}]}}